{"id":2182,"date":"2016-12-13T15:09:22","date_gmt":"2016-12-13T14:09:22","guid":{"rendered":"http:\/\/ensandoc.org\/?page_id=2182"},"modified":"2024-10-31T15:04:10","modified_gmt":"2024-10-31T14:04:10","slug":"datos-region-2","status":"publish","type":"page","link":"https:\/\/ensandoc.org\/datos-region","title":{"rendered":"Datos Regi\u00f3n"},"content":{"rendered":"<p>[et_pb_section fb_built=\u00bb1&#8243; custom_padding_last_edited=\u00bbon|desktop\u00bb _builder_version=\u00bb4.16&#8243; background_color=\u00bb#cfe4f3&#8243; custom_padding_tablet=\u00bb50px|0|50px|0&#8243; custom_padding_phone=\u00bb\u00bb transparent_background=\u00bboff\u00bb padding_mobile=\u00bboff\u00bb make_fullwidth=\u00bboff\u00bb use_custom_width=\u00bboff\u00bb width_unit=\u00bboff\u00bb custom_width_px=\u00bb1080px\u00bb custom_width_percent=\u00bb80%\u00bb global_colors_info=\u00bb{}\u00bb][et_pb_row column_structure=\u00bb1_4,3_4&#8243; padding_mobile=\u00bboff\u00bb column_padding_mobile=\u00bbon\u00bb module_class=\u00bb et_pb_row_fullwidth\u00bb _builder_version=\u00bb4.16&#8243; background_size=\u00bbinitial\u00bb background_position=\u00bbtop_left\u00bb background_repeat=\u00bbrepeat\u00bb width=\u00bb89%\u00bb width_tablet=\u00bb80%\u00bb width_phone=\u00bb\u00bb width_last_edited=\u00bbon|desktop\u00bb max_width=\u00bb89%\u00bb max_width_tablet=\u00bb80%\u00bb max_width_phone=\u00bb\u00bb max_width_last_edited=\u00bbon|desktop\u00bb make_fullwidth=\u00bbon\u00bb use_custom_width=\u00bboff\u00bb width_unit=\u00bboff\u00bb custom_width_px=\u00bb1080px\u00bb custom_width_percent=\u00bb80%\u00bb global_colors_info=\u00bb{}\u00bb][et_pb_column type=\u00bb1_4&#8243; _builder_version=\u00bb4.16&#8243; custom_padding=\u00bb|||\u00bb global_colors_info=\u00bb{}\u00bb custom_padding__hover=\u00bb|||\u00bb][et_pb_image src=\u00bbhttp:\/\/ensandoc.org\/wp-content\/uploads\/2016\/12\/Region-Andalucia-Occ-y-Canarias.png\u00bb align_tablet=\u00bbcenter\u00bb align_phone=\u00bb\u00bb align_last_edited=\u00bbon|desktop\u00bb _builder_version=\u00bb4.16&#8243; animation=\u00bboff\u00bb sticky=\u00bboff\u00bb use_border_color=\u00bboff\u00bb border_color=\u00bb#ffffff\u00bb border_width=\u00bb1px\u00bb border_style=\u00bbsolid\u00bb always_center_on_mobile=\u00bbon\u00bb global_colors_info=\u00bb{}\u00bb][\/et_pb_image][\/et_pb_column][et_pb_column type=\u00bb3_4&#8243; _builder_version=\u00bb4.16&#8243; custom_padding=\u00bb|||\u00bb global_colors_info=\u00bb{}\u00bb custom_padding__hover=\u00bb|||\u00bb][et_pb_divider show_divider=\u00bboff\u00bb disabled_on=\u00bbon|on|off\u00bb _builder_version=\u00bb4.16&#8243; height=\u00bb2px\u00bb hide_on_mobile=\u00bbon\u00bb global_colors_info=\u00bb{}\u00bb][\/et_pb_divider][et_pb_text _builder_version=\u00bb4.16&#8243; background_size=\u00bbinitial\u00bb background_position=\u00bbtop_left\u00bb background_repeat=\u00bbrepeat\u00bb text_orientation=\u00bbcenter\u00bb module_alignment=\u00bbcenter\u00bb use_border_color=\u00bboff\u00bb border_style=\u00bbsolid\u00bb global_colors_info=\u00bb{}\u00bb]<\/p>\n<h1><span style=\"color: #000000;\">\u00bfD\u00f3nde estamos?<\/span><\/h1>\n<p>[\/et_pb_text][\/et_pb_column][\/et_pb_row][\/et_pb_section][et_pb_section fb_built=\u00bb1&#8243; custom_padding_last_edited=\u00bbon|desktop\u00bb _builder_version=\u00bb4.16&#8243; custom_padding_tablet=\u00bb50px|0|50px|0&#8243; custom_padding_phone=\u00bb\u00bb transparent_background=\u00bboff\u00bb padding_mobile=\u00bboff\u00bb make_fullwidth=\u00bboff\u00bb use_custom_width=\u00bboff\u00bb width_unit=\u00bboff\u00bb custom_width_px=\u00bb1080px\u00bb custom_width_percent=\u00bb80%\u00bb global_colors_info=\u00bb{}\u00bb][et_pb_row column_structure=\u00bb1_2,1_2&#8243; padding_mobile=\u00bboff\u00bb column_padding_mobile=\u00bbon\u00bb _builder_version=\u00bb4.16&#8243; background_size=\u00bbinitial\u00bb background_position=\u00bbtop_left\u00bb background_repeat=\u00bbrepeat\u00bb make_fullwidth=\u00bboff\u00bb use_custom_width=\u00bboff\u00bb width_unit=\u00bboff\u00bb custom_width_px=\u00bb1080px\u00bb custom_width_percent=\u00bb80%\u00bb global_colors_info=\u00bb{}\u00bb][et_pb_column type=\u00bb1_2&#8243; _builder_version=\u00bb4.16&#8243; custom_padding=\u00bb|||\u00bb global_colors_info=\u00bb{}\u00bb custom_padding__hover=\u00bb|||\u00bb][et_pb_image src=\u00bbhttp:\/\/ensandoc.org\/wp-content\/uploads\/2016\/12\/Nuestra-regi\u00f3n.png\u00bb align=\u00bbcenter\u00bb align_tablet=\u00bbcenter\u00bb align_phone=\u00bb\u00bb align_last_edited=\u00bbon|desktop\u00bb _builder_version=\u00bb4.16&#8243; animation=\u00bboff\u00bb sticky=\u00bboff\u00bb use_border_color=\u00bboff\u00bb border_color=\u00bb#000000&#8243; always_center_on_mobile=\u00bbon\u00bb global_colors_info=\u00bb{}\u00bb][\/et_pb_image][\/et_pb_column][et_pb_column type=\u00bb1_2&#8243; _builder_version=\u00bb4.16&#8243; custom_padding=\u00bb|||\u00bb global_colors_info=\u00bb{}\u00bb custom_padding__hover=\u00bb|||\u00bb][et_pb_text _builder_version=\u00bb4.16&#8243; background_size=\u00bbinitial\u00bb background_position=\u00bbtop_left\u00bb background_repeat=\u00bbrepeat\u00bb global_colors_info=\u00bb{}\u00bb]<\/p>\n<p><span style=\"font-size: large;\"><strong>Actualmente tenemos equipos en los siguientes sectores:<\/strong><\/span><\/p>\n<ul>\n<li><span style=\"font-size: large;\">C\u00e1diz (9 equipos)<\/span><\/li>\n<li><span style=\"font-size: large;\">Canarias (7 equipos)<\/span><\/li>\n<li><span style=\"font-size: large;\">C\u00f3rdoba (36 equipos)<\/span><\/li>\n<li><span style=\"font-size: large;\">Estepa (8 equipos)<\/span><\/li>\n<li><span style=\"font-size: large;\">Huelva (13 equipos)<\/span><br \/><span style=\"font-size: large;\"><\/span><\/li>\n<li><span style=\"font-size: large;\"><span>Isla Cristina (7 equipos)<\/span><\/span><\/li>\n<li><span style=\"font-size: large;\"><span>Lepe (7 equipos)<\/span><\/span><\/li>\n<li><span style=\"font-size: large;\">Jerez de la Frontera (45 equipos)<\/span><\/li>\n<li><span style=\"font-size: large;\">San Roque (6 equipos)<\/span><\/li>\n<li><span style=\"font-size: large;\">Sevilla (53 equipos)<\/span><\/li>\n<\/ul>\n<p>[\/et_pb_text][\/et_pb_column][\/et_pb_row][\/et_pb_section]<\/p>\n","protected":false},"excerpt":{"rendered":"<p>\u00bfD\u00f3nde estamos?Actualmente tenemos equipos en los siguientes sectores: C\u00e1diz (9 equipos) Canarias (7 equipos) C\u00f3rdoba (36 equipos) Estepa (8 equipos) Huelva (13 equipos) Isla Cristina (7 equipos) Lepe (7 equipos) Jerez de la Frontera (45 equipos) San Roque (6 equipos) Sevilla (53 equipos)<\/p>\n","protected":false},"author":1,"featured_media":0,"parent":0,"menu_order":0,"comment_status":"closed","ping_status":"closed","template":"","meta":{"_et_pb_use_builder":"on","_et_pb_old_content":"","_et_gb_content_width":"","footnotes":""},"class_list":["post-2182","page","type-page","status-publish","hentry"],"yoast_head":"<!-- This site is optimized with the Yoast SEO plugin v26.2 - https:\/\/yoast.com\/wordpress\/plugins\/seo\/ -->\n<title>Datos Regi\u00f3n - ENS Andalucia Occidental y Canarias<\/title>\n<meta name=\"robots\" content=\"index, follow, max-snippet:-1, max-image-preview:large, max-video-preview:-1\" \/>\n<link rel=\"canonical\" href=\"https:\/\/ensandoc.org\/datos-region\" \/>\n<meta property=\"og:locale\" content=\"es_ES\" \/>\n<meta property=\"og:type\" content=\"article\" \/>\n<meta property=\"og:title\" content=\"Datos Regi\u00f3n - ENS Andalucia Occidental y Canarias\" \/>\n<meta property=\"og:description\" content=\"\u00bfD\u00f3nde estamos?Actualmente tenemos equipos en los siguientes sectores: C\u00e1diz (9 equipos) Canarias (7 equipos) C\u00f3rdoba (36 equipos) Estepa (8 equipos) Huelva (13 equipos) Isla Cristina (7 equipos) Lepe (7 equipos) Jerez de la Frontera (45 equipos) San Roque (6 equipos) Sevilla (53 equipos)\" \/>\n<meta property=\"og:url\" content=\"https:\/\/ensandoc.org\/datos-region\" \/>\n<meta property=\"og:site_name\" content=\"ENS Andalucia Occidental y Canarias\" \/>\n<meta property=\"article:publisher\" content=\"https:\/\/www.facebook.com\/ensandoc\" \/>\n<meta property=\"article:modified_time\" content=\"2024-10-31T14:04:10+00:00\" \/>\n<meta name=\"twitter:card\" content=\"summary_large_image\" \/>\n<meta name=\"twitter:site\" content=\"@ensandoc\" \/>\n<meta name=\"twitter:label1\" content=\"Tiempo de lectura\" \/>\n\t<meta name=\"twitter:data1\" content=\"3 minutos\" \/>\n<script type=\"application\/ld+json\" class=\"yoast-schema-graph\">{\"@context\":\"https:\/\/schema.org\",\"@graph\":[{\"@type\":\"WebPage\",\"@id\":\"https:\/\/ensandoc.org\/datos-region\",\"url\":\"https:\/\/ensandoc.org\/datos-region\",\"name\":\"Datos Regi\u00f3n - ENS Andalucia Occidental y Canarias\",\"isPartOf\":{\"@id\":\"https:\/\/ensandoc.org\/#website\"},\"datePublished\":\"2016-12-13T14:09:22+00:00\",\"dateModified\":\"2024-10-31T14:04:10+00:00\",\"breadcrumb\":{\"@id\":\"https:\/\/ensandoc.org\/datos-region#breadcrumb\"},\"inLanguage\":\"es\",\"potentialAction\":[{\"@type\":\"ReadAction\",\"target\":[\"https:\/\/ensandoc.org\/datos-region\"]}]},{\"@type\":\"BreadcrumbList\",\"@id\":\"https:\/\/ensandoc.org\/datos-region#breadcrumb\",\"itemListElement\":[{\"@type\":\"ListItem\",\"position\":1,\"name\":\"Portada\",\"item\":\"https:\/\/ensandoc.org\/\"},{\"@type\":\"ListItem\",\"position\":2,\"name\":\"Datos Regi\u00f3n\"}]},{\"@type\":\"WebSite\",\"@id\":\"https:\/\/ensandoc.org\/#website\",\"url\":\"https:\/\/ensandoc.org\/\",\"name\":\"ENS Andaluc\u00eda Occidental y Canarias\",\"description\":\"Regi\u00f3n de los Equipos de Nuestra Se\u00f1ora\",\"publisher\":{\"@id\":\"https:\/\/ensandoc.org\/#organization\"},\"potentialAction\":[{\"@type\":\"SearchAction\",\"target\":{\"@type\":\"EntryPoint\",\"urlTemplate\":\"https:\/\/ensandoc.org\/?s={search_term_string}\"},\"query-input\":{\"@type\":\"PropertyValueSpecification\",\"valueRequired\":true,\"valueName\":\"search_term_string\"}}],\"inLanguage\":\"es\"},{\"@type\":\"Organization\",\"@id\":\"https:\/\/ensandoc.org\/#organization\",\"name\":\"ENS Andalucia Occidental y Canarias\",\"url\":\"https:\/\/ensandoc.org\/\",\"logo\":{\"@type\":\"ImageObject\",\"inLanguage\":\"es\",\"@id\":\"https:\/\/ensandoc.org\/#\/schema\/logo\/image\/\",\"url\":\"https:\/\/ensandoc.org\/wp-content\/uploads\/2024\/10\/logoens-regional-inma.jpg\",\"contentUrl\":\"https:\/\/ensandoc.org\/wp-content\/uploads\/2024\/10\/logoens-regional-inma.jpg\",\"width\":567,\"height\":425,\"caption\":\"ENS Andalucia Occidental y Canarias\"},\"image\":{\"@id\":\"https:\/\/ensandoc.org\/#\/schema\/logo\/image\/\"},\"sameAs\":[\"https:\/\/www.facebook.com\/ensandoc\",\"https:\/\/x.com\/ensandoc\",\"https:\/\/www.instagram.com\/ensandoc\"]}]}<\/script>\n<!-- \/ Yoast SEO plugin. -->","yoast_head_json":{"title":"Datos Regi\u00f3n - ENS Andalucia Occidental y Canarias","robots":{"index":"index","follow":"follow","max-snippet":"max-snippet:-1","max-image-preview":"max-image-preview:large","max-video-preview":"max-video-preview:-1"},"canonical":"https:\/\/ensandoc.org\/datos-region","og_locale":"es_ES","og_type":"article","og_title":"Datos Regi\u00f3n - ENS Andalucia Occidental y Canarias","og_description":"\u00bfD\u00f3nde estamos?Actualmente tenemos equipos en los siguientes sectores: C\u00e1diz (9 equipos) Canarias (7 equipos) C\u00f3rdoba (36 equipos) Estepa (8 equipos) Huelva (13 equipos) Isla Cristina (7 equipos) Lepe (7 equipos) Jerez de la Frontera (45 equipos) San Roque (6 equipos) Sevilla (53 equipos)","og_url":"https:\/\/ensandoc.org\/datos-region","og_site_name":"ENS Andalucia Occidental y Canarias","article_publisher":"https:\/\/www.facebook.com\/ensandoc","article_modified_time":"2024-10-31T14:04:10+00:00","twitter_card":"summary_large_image","twitter_site":"@ensandoc","twitter_misc":{"Tiempo de lectura":"3 minutos"},"schema":{"@context":"https:\/\/schema.org","@graph":[{"@type":"WebPage","@id":"https:\/\/ensandoc.org\/datos-region","url":"https:\/\/ensandoc.org\/datos-region","name":"Datos Regi\u00f3n - ENS Andalucia Occidental y Canarias","isPartOf":{"@id":"https:\/\/ensandoc.org\/#website"},"datePublished":"2016-12-13T14:09:22+00:00","dateModified":"2024-10-31T14:04:10+00:00","breadcrumb":{"@id":"https:\/\/ensandoc.org\/datos-region#breadcrumb"},"inLanguage":"es","potentialAction":[{"@type":"ReadAction","target":["https:\/\/ensandoc.org\/datos-region"]}]},{"@type":"BreadcrumbList","@id":"https:\/\/ensandoc.org\/datos-region#breadcrumb","itemListElement":[{"@type":"ListItem","position":1,"name":"Portada","item":"https:\/\/ensandoc.org\/"},{"@type":"ListItem","position":2,"name":"Datos Regi\u00f3n"}]},{"@type":"WebSite","@id":"https:\/\/ensandoc.org\/#website","url":"https:\/\/ensandoc.org\/","name":"ENS Andaluc\u00eda Occidental y Canarias","description":"Regi\u00f3n de los Equipos de Nuestra Se\u00f1ora","publisher":{"@id":"https:\/\/ensandoc.org\/#organization"},"potentialAction":[{"@type":"SearchAction","target":{"@type":"EntryPoint","urlTemplate":"https:\/\/ensandoc.org\/?s={search_term_string}"},"query-input":{"@type":"PropertyValueSpecification","valueRequired":true,"valueName":"search_term_string"}}],"inLanguage":"es"},{"@type":"Organization","@id":"https:\/\/ensandoc.org\/#organization","name":"ENS Andalucia Occidental y Canarias","url":"https:\/\/ensandoc.org\/","logo":{"@type":"ImageObject","inLanguage":"es","@id":"https:\/\/ensandoc.org\/#\/schema\/logo\/image\/","url":"https:\/\/ensandoc.org\/wp-content\/uploads\/2024\/10\/logoens-regional-inma.jpg","contentUrl":"https:\/\/ensandoc.org\/wp-content\/uploads\/2024\/10\/logoens-regional-inma.jpg","width":567,"height":425,"caption":"ENS Andalucia Occidental y Canarias"},"image":{"@id":"https:\/\/ensandoc.org\/#\/schema\/logo\/image\/"},"sameAs":["https:\/\/www.facebook.com\/ensandoc","https:\/\/x.com\/ensandoc","https:\/\/www.instagram.com\/ensandoc"]}]}},"_links":{"self":[{"href":"https:\/\/ensandoc.org\/index.php?rest_route=\/wp\/v2\/pages\/2182","targetHints":{"allow":["GET"]}}],"collection":[{"href":"https:\/\/ensandoc.org\/index.php?rest_route=\/wp\/v2\/pages"}],"about":[{"href":"https:\/\/ensandoc.org\/index.php?rest_route=\/wp\/v2\/types\/page"}],"author":[{"embeddable":true,"href":"https:\/\/ensandoc.org\/index.php?rest_route=\/wp\/v2\/users\/1"}],"replies":[{"embeddable":true,"href":"https:\/\/ensandoc.org\/index.php?rest_route=%2Fwp%2Fv2%2Fcomments&post=2182"}],"version-history":[{"count":11,"href":"https:\/\/ensandoc.org\/index.php?rest_route=\/wp\/v2\/pages\/2182\/revisions"}],"predecessor-version":[{"id":3539,"href":"https:\/\/ensandoc.org\/index.php?rest_route=\/wp\/v2\/pages\/2182\/revisions\/3539"}],"wp:attachment":[{"href":"https:\/\/ensandoc.org\/index.php?rest_route=%2Fwp%2Fv2%2Fmedia&parent=2182"}],"curies":[{"name":"wp","href":"https:\/\/api.w.org\/{rel}","templated":true}]}}