{"id":2256,"date":"2016-12-14T16:44:01","date_gmt":"2016-12-14T15:44:01","guid":{"rendered":"http:\/\/ensandoc.org\/?page_id=2256"},"modified":"2020-07-22T19:21:31","modified_gmt":"2020-07-22T17:21:31","slug":"blog","status":"publish","type":"page","link":"https:\/\/ensandoc.org\/Noticias","title":{"rendered":"Ultimas Noticias"},"content":{"rendered":"<p>[et_pb_section transparent_background=\u00bboff\u00bb background_color=\u00bb#cfe4f3 \u00bb allow_player_pause=\u00bboff\u00bb inner_shadow=\u00bboff\u00bb parallax=\u00bboff\u00bb parallax_method=\u00bbon\u00bb padding_mobile=\u00bboff\u00bb make_fullwidth=\u00bboff\u00bb use_custom_width=\u00bboff\u00bb width_unit=\u00bboff\u00bb custom_width_px=\u00bb1080px\u00bb custom_width_percent=\u00bb80%\u00bb make_equal=\u00bboff\u00bb use_custom_gutter=\u00bboff\u00bb fullwidth=\u00bboff\u00bb specialty=\u00bboff\u00bb disabled=\u00bboff\u00bb][et_pb_row make_fullwidth=\u00bbon\u00bb use_custom_width=\u00bboff\u00bb width_unit=\u00bboff\u00bb custom_width_px=\u00bb1080px\u00bb custom_width_percent=\u00bb80%\u00bb use_custom_gutter=\u00bboff\u00bb gutter_width=\u00bb3&#8243; padding_mobile=\u00bboff\u00bb allow_player_pause=\u00bboff\u00bb parallax=\u00bboff\u00bb parallax_method=\u00bbon\u00bb make_equal=\u00bboff\u00bb column_padding_mobile=\u00bbon\u00bb parallax_1=\u00bboff\u00bb parallax_method_1=\u00bbon\u00bb parallax_2=\u00bboff\u00bb parallax_method_2=\u00bbon\u00bb parallax_3=\u00bboff\u00bb parallax_method_3=\u00bbon\u00bb parallax_4=\u00bboff\u00bb parallax_method_4=\u00bbon\u00bb disabled=\u00bboff\u00bb][et_pb_column type=\u00bb1_4&#8243; disabled=\u00bboff\u00bb parallax=\u00bboff\u00bb parallax_method=\u00bbon\u00bb column_padding_mobile=\u00bbon\u00bb][et_pb_image src=\u00bbhttp:\/\/ensandoc.org\/wp-content\/uploads\/2016\/12\/Region-Andalucia-Occ-y-Canarias.png\u00bb show_in_lightbox=\u00bboff\u00bb url_new_window=\u00bboff\u00bb use_overlay=\u00bboff\u00bb animation=\u00bboff\u00bb sticky=\u00bboff\u00bb align=\u00bbleft\u00bb force_fullwidth=\u00bboff\u00bb always_center_on_mobile=\u00bbon\u00bb use_border_color=\u00bboff\u00bb border_color=\u00bb#ffffff\u00bb border_width=\u00bb1px\u00bb border_style=\u00bbsolid\u00bb disabled=\u00bboff\u00bb][\/et_pb_image][\/et_pb_column][et_pb_column type=\u00bb3_4&#8243; disabled=\u00bboff\u00bb parallax=\u00bboff\u00bb parallax_method=\u00bbon\u00bb column_padding_mobile=\u00bbon\u00bb][et_pb_divider color=\u00bb#ffffff\u00bb height=\u00bb2&#8243; divider_style=\u00bbsolid\u00bb divider_position=\u00bbtop\u00bb divider_weight=\u00bb1px\u00bb hide_on_mobile=\u00bbon\u00bb disabled=\u00bboff\u00bb][\/et_pb_divider][et_pb_text background_layout=\u00bblight\u00bb text_orientation=\u00bbcenter\u00bb use_border_color=\u00bboff\u00bb border_style=\u00bbsolid\u00bb disabled=\u00bboff\u00bb]<\/p>\n<h1><span style=\"color: #000000;\">Conoce nuestras \u00faltimas noticias<\/span><\/h1>\n<p>[\/et_pb_text][\/et_pb_column][\/et_pb_row][\/et_pb_section][et_pb_section transparent_background=\u00bboff\u00bb allow_player_pause=\u00bboff\u00bb inner_shadow=\u00bboff\u00bb parallax=\u00bboff\u00bb parallax_method=\u00bbon\u00bb padding_mobile=\u00bboff\u00bb make_fullwidth=\u00bboff\u00bb use_custom_width=\u00bboff\u00bb width_unit=\u00bboff\u00bb custom_width_px=\u00bb1080px\u00bb custom_width_percent=\u00bb80%\u00bb make_equal=\u00bboff\u00bb use_custom_gutter=\u00bboff\u00bb fullwidth=\u00bboff\u00bb specialty=\u00bbon\u00bb][et_pb_column type=\u00bb2_3&#8243; specialty_columns=\u00bb2&#8243;][et_pb_row_inner padding_mobile=\u00bboff\u00bb use_custom_gutter=\u00bboff\u00bb make_equal=\u00bboff\u00bb column_padding_mobile=\u00bboff\u00bb parallax_1=\u00bboff\u00bb parallax_method_1=\u00bbon\u00bb parallax_2=\u00bboff\u00bb parallax_method_2=\u00bbon\u00bb parallax_3=\u00bboff\u00bb parallax_method_3=\u00bbon\u00bb][et_pb_column_inner type=\u00bb4_4&#8243; saved_specialty_column_type=\u00bb2_3&#8243; column_padding_mobile=\u00bboff\u00bb parallax=\u00bboff\u00bb parallax_method=\u00bbon\u00bb][et_pb_blog fullwidth=\u00bbon\u00bb posts_number=\u00bb10&#8243; meta_date=\u00bbM j, Y\u00bb show_thumbnail=\u00bbon\u00bb show_content=\u00bboff\u00bb show_more=\u00bbon\u00bb show_author=\u00bbon\u00bb show_date=\u00bbon\u00bb show_categories=\u00bbon\u00bb show_comments=\u00bbon\u00bb show_pagination=\u00bbon\u00bb offset_number=\u00bb0&#8243; use_overlay=\u00bboff\u00bb background_layout=\u00bblight\u00bb use_dropshadow=\u00bboff\u00bb use_border_color=\u00bboff\u00bb border_color=\u00bb#ededed\u00bb border_style=\u00bbsolid\u00bb][\/et_pb_blog][\/et_pb_column_inner][\/et_pb_row_inner][\/et_pb_column][et_pb_column type=\u00bb1_3&#8243;][et_pb_sidebar orientation=\u00bbleft\u00bb background_layout=\u00bblight\u00bb remove_border=\u00bboff\u00bb][\/et_pb_sidebar][\/et_pb_column][\/et_pb_section]<\/p>\n","protected":false},"excerpt":{"rendered":"<p>Conoce nuestras \u00faltimas noticias<\/p>\n","protected":false},"author":1,"featured_media":0,"parent":0,"menu_order":0,"comment_status":"closed","ping_status":"closed","template":"","meta":{"_et_pb_use_builder":"on","_et_pb_old_content":"","_et_gb_content_width":"","footnotes":""},"class_list":["post-2256","page","type-page","status-publish","hentry"],"yoast_head":"<!-- This site is optimized with the Yoast SEO plugin v26.2 - https:\/\/yoast.com\/wordpress\/plugins\/seo\/ -->\n<title>Ultimas Noticias - ENS Andalucia Occidental y Canarias<\/title>\n<meta name=\"robots\" content=\"index, follow, max-snippet:-1, max-image-preview:large, max-video-preview:-1\" \/>\n<link rel=\"canonical\" href=\"https:\/\/ensandoc.org\/Noticias\" \/>\n<meta property=\"og:locale\" content=\"es_ES\" \/>\n<meta property=\"og:type\" content=\"article\" \/>\n<meta property=\"og:title\" content=\"Ultimas Noticias - ENS Andalucia Occidental y Canarias\" \/>\n<meta property=\"og:description\" content=\"Conoce nuestras \u00faltimas noticias\" \/>\n<meta property=\"og:url\" content=\"https:\/\/ensandoc.org\/Noticias\" \/>\n<meta property=\"og:site_name\" content=\"ENS Andalucia Occidental y Canarias\" \/>\n<meta property=\"article:publisher\" content=\"https:\/\/www.facebook.com\/ensandoc\" \/>\n<meta property=\"article:modified_time\" content=\"2020-07-22T17:21:31+00:00\" \/>\n<meta name=\"twitter:card\" content=\"summary_large_image\" \/>\n<meta name=\"twitter:site\" content=\"@ensandoc\" \/>\n<meta name=\"twitter:label1\" content=\"Tiempo de lectura\" \/>\n\t<meta name=\"twitter:data1\" content=\"2 minutos\" \/>\n<script type=\"application\/ld+json\" class=\"yoast-schema-graph\">{\"@context\":\"https:\/\/schema.org\",\"@graph\":[{\"@type\":\"WebPage\",\"@id\":\"https:\/\/ensandoc.org\/Noticias\",\"url\":\"https:\/\/ensandoc.org\/Noticias\",\"name\":\"Ultimas Noticias - ENS Andalucia Occidental y Canarias\",\"isPartOf\":{\"@id\":\"https:\/\/ensandoc.org\/#website\"},\"datePublished\":\"2016-12-14T15:44:01+00:00\",\"dateModified\":\"2020-07-22T17:21:31+00:00\",\"breadcrumb\":{\"@id\":\"https:\/\/ensandoc.org\/Noticias#breadcrumb\"},\"inLanguage\":\"es\",\"potentialAction\":[{\"@type\":\"ReadAction\",\"target\":[\"https:\/\/ensandoc.org\/Noticias\"]}]},{\"@type\":\"BreadcrumbList\",\"@id\":\"https:\/\/ensandoc.org\/Noticias#breadcrumb\",\"itemListElement\":[{\"@type\":\"ListItem\",\"position\":1,\"name\":\"Portada\",\"item\":\"https:\/\/ensandoc.org\/\"},{\"@type\":\"ListItem\",\"position\":2,\"name\":\"Ultimas Noticias\"}]},{\"@type\":\"WebSite\",\"@id\":\"https:\/\/ensandoc.org\/#website\",\"url\":\"https:\/\/ensandoc.org\/\",\"name\":\"ENS Andaluc\u00eda Occidental y Canarias\",\"description\":\"Regi\u00f3n de los Equipos de Nuestra Se\u00f1ora\",\"publisher\":{\"@id\":\"https:\/\/ensandoc.org\/#organization\"},\"potentialAction\":[{\"@type\":\"SearchAction\",\"target\":{\"@type\":\"EntryPoint\",\"urlTemplate\":\"https:\/\/ensandoc.org\/?s={search_term_string}\"},\"query-input\":{\"@type\":\"PropertyValueSpecification\",\"valueRequired\":true,\"valueName\":\"search_term_string\"}}],\"inLanguage\":\"es\"},{\"@type\":\"Organization\",\"@id\":\"https:\/\/ensandoc.org\/#organization\",\"name\":\"ENS Andalucia Occidental y Canarias\",\"url\":\"https:\/\/ensandoc.org\/\",\"logo\":{\"@type\":\"ImageObject\",\"inLanguage\":\"es\",\"@id\":\"https:\/\/ensandoc.org\/#\/schema\/logo\/image\/\",\"url\":\"https:\/\/ensandoc.org\/wp-content\/uploads\/2024\/10\/logoens-regional-inma.jpg\",\"contentUrl\":\"https:\/\/ensandoc.org\/wp-content\/uploads\/2024\/10\/logoens-regional-inma.jpg\",\"width\":567,\"height\":425,\"caption\":\"ENS Andalucia Occidental y Canarias\"},\"image\":{\"@id\":\"https:\/\/ensandoc.org\/#\/schema\/logo\/image\/\"},\"sameAs\":[\"https:\/\/www.facebook.com\/ensandoc\",\"https:\/\/x.com\/ensandoc\",\"https:\/\/www.instagram.com\/ensandoc\"]}]}<\/script>\n<!-- \/ Yoast SEO plugin. -->","yoast_head_json":{"title":"Ultimas Noticias - ENS Andalucia Occidental y Canarias","robots":{"index":"index","follow":"follow","max-snippet":"max-snippet:-1","max-image-preview":"max-image-preview:large","max-video-preview":"max-video-preview:-1"},"canonical":"https:\/\/ensandoc.org\/Noticias","og_locale":"es_ES","og_type":"article","og_title":"Ultimas Noticias - ENS Andalucia Occidental y Canarias","og_description":"Conoce nuestras \u00faltimas noticias","og_url":"https:\/\/ensandoc.org\/Noticias","og_site_name":"ENS Andalucia Occidental y Canarias","article_publisher":"https:\/\/www.facebook.com\/ensandoc","article_modified_time":"2020-07-22T17:21:31+00:00","twitter_card":"summary_large_image","twitter_site":"@ensandoc","twitter_misc":{"Tiempo de lectura":"2 minutos"},"schema":{"@context":"https:\/\/schema.org","@graph":[{"@type":"WebPage","@id":"https:\/\/ensandoc.org\/Noticias","url":"https:\/\/ensandoc.org\/Noticias","name":"Ultimas Noticias - ENS Andalucia Occidental y Canarias","isPartOf":{"@id":"https:\/\/ensandoc.org\/#website"},"datePublished":"2016-12-14T15:44:01+00:00","dateModified":"2020-07-22T17:21:31+00:00","breadcrumb":{"@id":"https:\/\/ensandoc.org\/Noticias#breadcrumb"},"inLanguage":"es","potentialAction":[{"@type":"ReadAction","target":["https:\/\/ensandoc.org\/Noticias"]}]},{"@type":"BreadcrumbList","@id":"https:\/\/ensandoc.org\/Noticias#breadcrumb","itemListElement":[{"@type":"ListItem","position":1,"name":"Portada","item":"https:\/\/ensandoc.org\/"},{"@type":"ListItem","position":2,"name":"Ultimas Noticias"}]},{"@type":"WebSite","@id":"https:\/\/ensandoc.org\/#website","url":"https:\/\/ensandoc.org\/","name":"ENS Andaluc\u00eda Occidental y Canarias","description":"Regi\u00f3n de los Equipos de Nuestra Se\u00f1ora","publisher":{"@id":"https:\/\/ensandoc.org\/#organization"},"potentialAction":[{"@type":"SearchAction","target":{"@type":"EntryPoint","urlTemplate":"https:\/\/ensandoc.org\/?s={search_term_string}"},"query-input":{"@type":"PropertyValueSpecification","valueRequired":true,"valueName":"search_term_string"}}],"inLanguage":"es"},{"@type":"Organization","@id":"https:\/\/ensandoc.org\/#organization","name":"ENS Andalucia Occidental y Canarias","url":"https:\/\/ensandoc.org\/","logo":{"@type":"ImageObject","inLanguage":"es","@id":"https:\/\/ensandoc.org\/#\/schema\/logo\/image\/","url":"https:\/\/ensandoc.org\/wp-content\/uploads\/2024\/10\/logoens-regional-inma.jpg","contentUrl":"https:\/\/ensandoc.org\/wp-content\/uploads\/2024\/10\/logoens-regional-inma.jpg","width":567,"height":425,"caption":"ENS Andalucia Occidental y Canarias"},"image":{"@id":"https:\/\/ensandoc.org\/#\/schema\/logo\/image\/"},"sameAs":["https:\/\/www.facebook.com\/ensandoc","https:\/\/x.com\/ensandoc","https:\/\/www.instagram.com\/ensandoc"]}]}},"_links":{"self":[{"href":"https:\/\/ensandoc.org\/index.php?rest_route=\/wp\/v2\/pages\/2256","targetHints":{"allow":["GET"]}}],"collection":[{"href":"https:\/\/ensandoc.org\/index.php?rest_route=\/wp\/v2\/pages"}],"about":[{"href":"https:\/\/ensandoc.org\/index.php?rest_route=\/wp\/v2\/types\/page"}],"author":[{"embeddable":true,"href":"https:\/\/ensandoc.org\/index.php?rest_route=\/wp\/v2\/users\/1"}],"replies":[{"embeddable":true,"href":"https:\/\/ensandoc.org\/index.php?rest_route=%2Fwp%2Fv2%2Fcomments&post=2256"}],"version-history":[{"count":5,"href":"https:\/\/ensandoc.org\/index.php?rest_route=\/wp\/v2\/pages\/2256\/revisions"}],"predecessor-version":[{"id":3161,"href":"https:\/\/ensandoc.org\/index.php?rest_route=\/wp\/v2\/pages\/2256\/revisions\/3161"}],"wp:attachment":[{"href":"https:\/\/ensandoc.org\/index.php?rest_route=%2Fwp%2Fv2%2Fmedia&parent=2256"}],"curies":[{"name":"wp","href":"https:\/\/api.w.org\/{rel}","templated":true}]}}