{"id":3200,"date":"2020-07-22T22:00:09","date_gmt":"2020-07-22T20:00:09","guid":{"rendered":"https:\/\/ensandoc.org\/?page_id=3200"},"modified":"2020-10-08T08:43:16","modified_gmt":"2020-10-08T06:43:16","slug":"otros-recursos-y-enlaces","status":"publish","type":"page","link":"https:\/\/ensandoc.org\/?page_id=3200","title":{"rendered":"Otros Recursos"},"content":{"rendered":"<hr \/>\n<p>FORMACI\u00d3N<\/p>\n<hr \/>\n<p><a href=\"https:\/\/iglesiacatolicablog.wordpress.com\/2016\/04\/16\/libros-catolicos-para-descargar\/?wref=tp\">Libros Cat\u00f3licos para Descargar<\/a><\/p>\n<p><a href=\"https:\/\/www.vatican.va\/archive\/compendium_ccc\/documents\/archive_2005_compendium-ccc_sp.html\">Compendio del Catecismo de la Iglesia Cat\u00f3lica<\/a><\/p>\n<p><a href=\"http:\/\/www.vatican.va\/content\/francesco\/es\/apost_exhortations.index.html\">Exhortaciones Apost\u00f3licas del Papa Francisco<\/a><\/p>\n<p><a href=\"_wp_link_placeholder\" data-wplink-edit=\"true\">Enc\u00edclicas Papa Francisco<\/a><\/p>\n<hr \/>\n<p>ORACI\u00d3N<\/p>\n<hr \/>\n<p><a href=\"https:\/\/rezandovoy.org\/\">Rezando Voy\u00a0<\/a><\/p>\n<p><a href=\"https:\/\/www.youtube.com\/channel\/UCArg0eI-Bn4FnatBTuCo_uw\/videos\">Vaya Usted Con Dios<\/a><\/p>\n<p><a href=\"https:\/\/www.algodelevangelio.org\/\">Algo del Evangelio<\/a><\/p>\n<p><a href=\"https:\/\/www.eltestigofiel.org\/\">El Testigo Fiel<\/a><\/p>\n<p><a href=\"https:\/\/10minutosconjesus.org\/\">10 minutos con Jes\u00fas<\/a><\/p>\n<p><a href=\"http:\/\/loscincominutosdelespiritusanto.blogspot.com\/\">5 minutos del Esp\u00edritu Santo<\/a><\/p>\n<p><a href=\"https:\/\/www.dominicaslerma.es\/vivedecristo\/retodelamor.html\">Reto del Amor<\/a><\/p>\n<p><a href=\"https:\/\/www.espaciosagrado.com\/\">Espacio Sagrado<\/a><\/p>\n<p><a href=\"https:\/\/www.dominicos.org\/predicacion\/evangelio-del-dia\/hoy\/\">Dominicos &#8211; Evangelio de hoy<\/a><\/p>\n<p><a href=\"https:\/\/www.ciudadredonda.org\/calendario-lecturas\/evangelio-del-dia\/hoy\">Ciudad Redonda &#8211; Evangelio del d\u00eda<\/a><\/p>\n<p><a href=\"http:\/\/www.dominicasmsf.org\/recursos-pastorales?idCategoria=26\">Dominicas Misioneras de la Sagrada Familia-Taller de oraci\u00f3n<\/a><\/p>\n<p><a href=\"https:\/\/pastoralsj.org\/recursos\/oraciones\">Pastoral Jesuitas &#8211; Oraciones<\/a><\/p>\n<p><a href=\"http:\/\/webcatolicodejavier.org\/\">Web Cat\u00f3lico de Javier<\/a><\/p>\n<hr \/>\n<p>M\u00daSICA<\/p>\n<hr \/>\n<p><a href=\"https:\/\/www.youtube.com\/channel\/UCWj_T0U_mAjSwjfbWlwopzg\/videos\">Grupo Ixcis<\/a><\/p>\n<p><a href=\"https:\/\/www.youtube.com\/user\/taize\/videos\">Taiz\u00e9<\/a><\/p>\n<p><a href=\"https:\/\/www.youtube.com\/c\/HERMANAGLENDAOFICIAL\/videos\">Hermana Glenda<\/a><\/p>\n<p><a href=\"https:\/\/www.youtube.com\/c\/Athenasmusica\/videos\">Athenas<\/a><\/p>\n<hr \/>\n<p>IM\u00c1GENES<\/p>\n<hr \/>\n<p><a href=\"https:\/\/www.diocesismalaga.es\/dibujos-de-fano-en-color\/\">Dibujos de Fano &#8211; Di\u00f3cesis de M\u00e1laga<\/a><\/p>\n<p><a href=\"http:\/\/dibujosparacatequesis.blogspot.com\/\">Dibujos para catequesis<\/a><\/p>\n<p><a href=\"https:\/\/www.cathopic.com\/\">Cathopic &#8211; Banco gratuito de im\u00e1genes religiosas<\/a><\/p>\n<p><a href=\"https:\/\/pixabay.com\/es\/images\/search\/cat%C3%B3lica\/\">Pixabay &#8211; Banco de im\u00e1genes cat\u00f3licas gratuitas<\/a><\/p>\n<hr \/>\n","protected":false},"excerpt":{"rendered":"<p>FORMACI\u00d3N Libros Cat\u00f3licos para Descargar Compendio del Catecismo de la Iglesia Cat\u00f3lica Exhortaciones Apost\u00f3licas del Papa Francisco Enc\u00edclicas Papa Francisco ORACI\u00d3N Rezando Voy\u00a0 Vaya Usted Con Dios Algo del Evangelio El Testigo Fiel 10 minutos con Jes\u00fas 5 minutos del Esp\u00edritu Santo Reto del Amor Espacio Sagrado Dominicos &#8211; Evangelio de hoy Ciudad Redonda &#8211; [&hellip;]<\/p>\n","protected":false},"author":1,"featured_media":0,"parent":0,"menu_order":0,"comment_status":"closed","ping_status":"closed","template":"","meta":{"_et_pb_use_builder":"","_et_pb_old_content":"","_et_gb_content_width":"","footnotes":""},"class_list":["post-3200","page","type-page","status-publish","hentry"],"yoast_head":"<!-- This site is optimized with the Yoast SEO plugin v26.2 - https:\/\/yoast.com\/wordpress\/plugins\/seo\/ -->\n<title>Otros Recursos - ENS Andalucia Occidental y Canarias<\/title>\n<meta name=\"robots\" content=\"index, follow, max-snippet:-1, max-image-preview:large, max-video-preview:-1\" \/>\n<link rel=\"canonical\" href=\"https:\/\/ensandoc.org\/?page_id=3200\" \/>\n<meta property=\"og:locale\" content=\"es_ES\" \/>\n<meta property=\"og:type\" content=\"article\" \/>\n<meta property=\"og:title\" content=\"Otros Recursos - ENS Andalucia Occidental y Canarias\" \/>\n<meta property=\"og:description\" content=\"FORMACI\u00d3N Libros Cat\u00f3licos para Descargar Compendio del Catecismo de la Iglesia Cat\u00f3lica Exhortaciones Apost\u00f3licas del Papa Francisco Enc\u00edclicas Papa Francisco ORACI\u00d3N Rezando Voy\u00a0 Vaya Usted Con Dios Algo del Evangelio El Testigo Fiel 10 minutos con Jes\u00fas 5 minutos del Esp\u00edritu Santo Reto del Amor Espacio Sagrado Dominicos &#8211; Evangelio de hoy Ciudad Redonda &#8211; [&hellip;]\" \/>\n<meta property=\"og:url\" content=\"https:\/\/ensandoc.org\/?page_id=3200\" \/>\n<meta property=\"og:site_name\" content=\"ENS Andalucia Occidental y Canarias\" \/>\n<meta property=\"article:publisher\" content=\"https:\/\/www.facebook.com\/ensandoc\" \/>\n<meta property=\"article:modified_time\" content=\"2020-10-08T06:43:16+00:00\" \/>\n<meta name=\"twitter:card\" content=\"summary_large_image\" \/>\n<meta name=\"twitter:site\" content=\"@ensandoc\" \/>\n<meta name=\"twitter:label1\" content=\"Tiempo de lectura\" \/>\n\t<meta name=\"twitter:data1\" content=\"1 minuto\" \/>\n<script type=\"application\/ld+json\" class=\"yoast-schema-graph\">{\"@context\":\"https:\/\/schema.org\",\"@graph\":[{\"@type\":\"WebPage\",\"@id\":\"https:\/\/ensandoc.org\/?page_id=3200\",\"url\":\"https:\/\/ensandoc.org\/?page_id=3200\",\"name\":\"Otros Recursos - ENS Andalucia Occidental y Canarias\",\"isPartOf\":{\"@id\":\"https:\/\/ensandoc.org\/#website\"},\"datePublished\":\"2020-07-22T20:00:09+00:00\",\"dateModified\":\"2020-10-08T06:43:16+00:00\",\"breadcrumb\":{\"@id\":\"https:\/\/ensandoc.org\/?page_id=3200#breadcrumb\"},\"inLanguage\":\"es\",\"potentialAction\":[{\"@type\":\"ReadAction\",\"target\":[\"https:\/\/ensandoc.org\/?page_id=3200\"]}]},{\"@type\":\"BreadcrumbList\",\"@id\":\"https:\/\/ensandoc.org\/?page_id=3200#breadcrumb\",\"itemListElement\":[{\"@type\":\"ListItem\",\"position\":1,\"name\":\"Portada\",\"item\":\"https:\/\/ensandoc.org\/\"},{\"@type\":\"ListItem\",\"position\":2,\"name\":\"Otros Recursos\"}]},{\"@type\":\"WebSite\",\"@id\":\"https:\/\/ensandoc.org\/#website\",\"url\":\"https:\/\/ensandoc.org\/\",\"name\":\"ENS Andaluc\u00eda Occidental y Canarias\",\"description\":\"Regi\u00f3n de los Equipos de Nuestra Se\u00f1ora\",\"publisher\":{\"@id\":\"https:\/\/ensandoc.org\/#organization\"},\"potentialAction\":[{\"@type\":\"SearchAction\",\"target\":{\"@type\":\"EntryPoint\",\"urlTemplate\":\"https:\/\/ensandoc.org\/?s={search_term_string}\"},\"query-input\":{\"@type\":\"PropertyValueSpecification\",\"valueRequired\":true,\"valueName\":\"search_term_string\"}}],\"inLanguage\":\"es\"},{\"@type\":\"Organization\",\"@id\":\"https:\/\/ensandoc.org\/#organization\",\"name\":\"ENS Andalucia Occidental y Canarias\",\"url\":\"https:\/\/ensandoc.org\/\",\"logo\":{\"@type\":\"ImageObject\",\"inLanguage\":\"es\",\"@id\":\"https:\/\/ensandoc.org\/#\/schema\/logo\/image\/\",\"url\":\"https:\/\/ensandoc.org\/wp-content\/uploads\/2024\/10\/logoens-regional-inma.jpg\",\"contentUrl\":\"https:\/\/ensandoc.org\/wp-content\/uploads\/2024\/10\/logoens-regional-inma.jpg\",\"width\":567,\"height\":425,\"caption\":\"ENS Andalucia Occidental y Canarias\"},\"image\":{\"@id\":\"https:\/\/ensandoc.org\/#\/schema\/logo\/image\/\"},\"sameAs\":[\"https:\/\/www.facebook.com\/ensandoc\",\"https:\/\/x.com\/ensandoc\",\"https:\/\/www.instagram.com\/ensandoc\"]}]}<\/script>\n<!-- \/ Yoast SEO plugin. -->","yoast_head_json":{"title":"Otros Recursos - ENS Andalucia Occidental y Canarias","robots":{"index":"index","follow":"follow","max-snippet":"max-snippet:-1","max-image-preview":"max-image-preview:large","max-video-preview":"max-video-preview:-1"},"canonical":"https:\/\/ensandoc.org\/?page_id=3200","og_locale":"es_ES","og_type":"article","og_title":"Otros Recursos - ENS Andalucia Occidental y Canarias","og_description":"FORMACI\u00d3N Libros Cat\u00f3licos para Descargar Compendio del Catecismo de la Iglesia Cat\u00f3lica Exhortaciones Apost\u00f3licas del Papa Francisco Enc\u00edclicas Papa Francisco ORACI\u00d3N Rezando Voy\u00a0 Vaya Usted Con Dios Algo del Evangelio El Testigo Fiel 10 minutos con Jes\u00fas 5 minutos del Esp\u00edritu Santo Reto del Amor Espacio Sagrado Dominicos &#8211; Evangelio de hoy Ciudad Redonda &#8211; [&hellip;]","og_url":"https:\/\/ensandoc.org\/?page_id=3200","og_site_name":"ENS Andalucia Occidental y Canarias","article_publisher":"https:\/\/www.facebook.com\/ensandoc","article_modified_time":"2020-10-08T06:43:16+00:00","twitter_card":"summary_large_image","twitter_site":"@ensandoc","twitter_misc":{"Tiempo de lectura":"1 minuto"},"schema":{"@context":"https:\/\/schema.org","@graph":[{"@type":"WebPage","@id":"https:\/\/ensandoc.org\/?page_id=3200","url":"https:\/\/ensandoc.org\/?page_id=3200","name":"Otros Recursos - ENS Andalucia Occidental y Canarias","isPartOf":{"@id":"https:\/\/ensandoc.org\/#website"},"datePublished":"2020-07-22T20:00:09+00:00","dateModified":"2020-10-08T06:43:16+00:00","breadcrumb":{"@id":"https:\/\/ensandoc.org\/?page_id=3200#breadcrumb"},"inLanguage":"es","potentialAction":[{"@type":"ReadAction","target":["https:\/\/ensandoc.org\/?page_id=3200"]}]},{"@type":"BreadcrumbList","@id":"https:\/\/ensandoc.org\/?page_id=3200#breadcrumb","itemListElement":[{"@type":"ListItem","position":1,"name":"Portada","item":"https:\/\/ensandoc.org\/"},{"@type":"ListItem","position":2,"name":"Otros Recursos"}]},{"@type":"WebSite","@id":"https:\/\/ensandoc.org\/#website","url":"https:\/\/ensandoc.org\/","name":"ENS Andaluc\u00eda Occidental y Canarias","description":"Regi\u00f3n de los Equipos de Nuestra Se\u00f1ora","publisher":{"@id":"https:\/\/ensandoc.org\/#organization"},"potentialAction":[{"@type":"SearchAction","target":{"@type":"EntryPoint","urlTemplate":"https:\/\/ensandoc.org\/?s={search_term_string}"},"query-input":{"@type":"PropertyValueSpecification","valueRequired":true,"valueName":"search_term_string"}}],"inLanguage":"es"},{"@type":"Organization","@id":"https:\/\/ensandoc.org\/#organization","name":"ENS Andalucia Occidental y Canarias","url":"https:\/\/ensandoc.org\/","logo":{"@type":"ImageObject","inLanguage":"es","@id":"https:\/\/ensandoc.org\/#\/schema\/logo\/image\/","url":"https:\/\/ensandoc.org\/wp-content\/uploads\/2024\/10\/logoens-regional-inma.jpg","contentUrl":"https:\/\/ensandoc.org\/wp-content\/uploads\/2024\/10\/logoens-regional-inma.jpg","width":567,"height":425,"caption":"ENS Andalucia Occidental y Canarias"},"image":{"@id":"https:\/\/ensandoc.org\/#\/schema\/logo\/image\/"},"sameAs":["https:\/\/www.facebook.com\/ensandoc","https:\/\/x.com\/ensandoc","https:\/\/www.instagram.com\/ensandoc"]}]}},"_links":{"self":[{"href":"https:\/\/ensandoc.org\/index.php?rest_route=\/wp\/v2\/pages\/3200","targetHints":{"allow":["GET"]}}],"collection":[{"href":"https:\/\/ensandoc.org\/index.php?rest_route=\/wp\/v2\/pages"}],"about":[{"href":"https:\/\/ensandoc.org\/index.php?rest_route=\/wp\/v2\/types\/page"}],"author":[{"embeddable":true,"href":"https:\/\/ensandoc.org\/index.php?rest_route=\/wp\/v2\/users\/1"}],"replies":[{"embeddable":true,"href":"https:\/\/ensandoc.org\/index.php?rest_route=%2Fwp%2Fv2%2Fcomments&post=3200"}],"version-history":[{"count":9,"href":"https:\/\/ensandoc.org\/index.php?rest_route=\/wp\/v2\/pages\/3200\/revisions"}],"predecessor-version":[{"id":3293,"href":"https:\/\/ensandoc.org\/index.php?rest_route=\/wp\/v2\/pages\/3200\/revisions\/3293"}],"wp:attachment":[{"href":"https:\/\/ensandoc.org\/index.php?rest_route=%2Fwp%2Fv2%2Fmedia&parent=3200"}],"curies":[{"name":"wp","href":"https:\/\/api.w.org\/{rel}","templated":true}]}}