{"id":3302,"date":"2020-10-16T17:51:31","date_gmt":"2020-10-16T15:51:31","guid":{"rendered":"https:\/\/ensandoc.org\/?page_id=3302"},"modified":"2021-12-07T18:44:00","modified_gmt":"2021-12-07T17:44:00","slug":"difusion","status":"publish","type":"page","link":"https:\/\/ensandoc.org\/?page_id=3302","title":{"rendered":"Difusi\u00f3n ENS"},"content":{"rendered":"\n<iframe loading=\"lazy\" width=\"560\" height=\"315\" src=\"https:\/\/www.youtube.com\/embed\/zxjjdvR5KKM\" frameborder=\"0\" allow=\"accelerometer; autoplay; clipboard-write; encrypted-media; gyroscope; picture-in-picture\" allowfullscreen=\"\"><\/iframe>\n","protected":false},"excerpt":{"rendered":"","protected":false},"author":1,"featured_media":0,"parent":0,"menu_order":0,"comment_status":"closed","ping_status":"closed","template":"","meta":{"_et_pb_use_builder":"","_et_pb_old_content":"","_et_gb_content_width":"","footnotes":""},"class_list":["post-3302","page","type-page","status-publish","hentry"],"yoast_head":"<!-- This site is optimized with the Yoast SEO plugin v26.2 - https:\/\/yoast.com\/wordpress\/plugins\/seo\/ -->\n<title>Difusi\u00f3n ENS - ENS Andalucia Occidental y Canarias<\/title>\n<meta name=\"robots\" content=\"index, follow, max-snippet:-1, max-image-preview:large, max-video-preview:-1\" \/>\n<link rel=\"canonical\" href=\"https:\/\/ensandoc.org\/?page_id=3302\" \/>\n<meta property=\"og:locale\" content=\"es_ES\" \/>\n<meta property=\"og:type\" content=\"article\" \/>\n<meta property=\"og:title\" content=\"Difusi\u00f3n ENS - ENS Andalucia Occidental y Canarias\" \/>\n<meta property=\"og:url\" content=\"https:\/\/ensandoc.org\/?page_id=3302\" \/>\n<meta property=\"og:site_name\" content=\"ENS Andalucia Occidental y Canarias\" \/>\n<meta property=\"article:publisher\" content=\"https:\/\/www.facebook.com\/ensandoc\" \/>\n<meta property=\"article:modified_time\" content=\"2021-12-07T17:44:00+00:00\" \/>\n<meta name=\"twitter:card\" content=\"summary_large_image\" \/>\n<meta name=\"twitter:site\" content=\"@ensandoc\" \/>\n<script type=\"application\/ld+json\" class=\"yoast-schema-graph\">{\"@context\":\"https:\/\/schema.org\",\"@graph\":[{\"@type\":\"WebPage\",\"@id\":\"https:\/\/ensandoc.org\/?page_id=3302\",\"url\":\"https:\/\/ensandoc.org\/?page_id=3302\",\"name\":\"Difusi\u00f3n ENS - ENS Andalucia Occidental y Canarias\",\"isPartOf\":{\"@id\":\"https:\/\/ensandoc.org\/#website\"},\"datePublished\":\"2020-10-16T15:51:31+00:00\",\"dateModified\":\"2021-12-07T17:44:00+00:00\",\"breadcrumb\":{\"@id\":\"https:\/\/ensandoc.org\/?page_id=3302#breadcrumb\"},\"inLanguage\":\"es\",\"potentialAction\":[{\"@type\":\"ReadAction\",\"target\":[\"https:\/\/ensandoc.org\/?page_id=3302\"]}]},{\"@type\":\"BreadcrumbList\",\"@id\":\"https:\/\/ensandoc.org\/?page_id=3302#breadcrumb\",\"itemListElement\":[{\"@type\":\"ListItem\",\"position\":1,\"name\":\"Portada\",\"item\":\"https:\/\/ensandoc.org\/\"},{\"@type\":\"ListItem\",\"position\":2,\"name\":\"Difusi\u00f3n ENS\"}]},{\"@type\":\"WebSite\",\"@id\":\"https:\/\/ensandoc.org\/#website\",\"url\":\"https:\/\/ensandoc.org\/\",\"name\":\"ENS Andaluc\u00eda Occidental y Canarias\",\"description\":\"Regi\u00f3n de los Equipos de Nuestra Se\u00f1ora\",\"publisher\":{\"@id\":\"https:\/\/ensandoc.org\/#organization\"},\"potentialAction\":[{\"@type\":\"SearchAction\",\"target\":{\"@type\":\"EntryPoint\",\"urlTemplate\":\"https:\/\/ensandoc.org\/?s={search_term_string}\"},\"query-input\":{\"@type\":\"PropertyValueSpecification\",\"valueRequired\":true,\"valueName\":\"search_term_string\"}}],\"inLanguage\":\"es\"},{\"@type\":\"Organization\",\"@id\":\"https:\/\/ensandoc.org\/#organization\",\"name\":\"ENS Andalucia Occidental y Canarias\",\"url\":\"https:\/\/ensandoc.org\/\",\"logo\":{\"@type\":\"ImageObject\",\"inLanguage\":\"es\",\"@id\":\"https:\/\/ensandoc.org\/#\/schema\/logo\/image\/\",\"url\":\"https:\/\/ensandoc.org\/wp-content\/uploads\/2024\/10\/logoens-regional-inma.jpg\",\"contentUrl\":\"https:\/\/ensandoc.org\/wp-content\/uploads\/2024\/10\/logoens-regional-inma.jpg\",\"width\":567,\"height\":425,\"caption\":\"ENS Andalucia Occidental y Canarias\"},\"image\":{\"@id\":\"https:\/\/ensandoc.org\/#\/schema\/logo\/image\/\"},\"sameAs\":[\"https:\/\/www.facebook.com\/ensandoc\",\"https:\/\/x.com\/ensandoc\",\"https:\/\/www.instagram.com\/ensandoc\"]}]}<\/script>\n<!-- \/ Yoast SEO plugin. -->","yoast_head_json":{"title":"Difusi\u00f3n ENS - ENS Andalucia Occidental y Canarias","robots":{"index":"index","follow":"follow","max-snippet":"max-snippet:-1","max-image-preview":"max-image-preview:large","max-video-preview":"max-video-preview:-1"},"canonical":"https:\/\/ensandoc.org\/?page_id=3302","og_locale":"es_ES","og_type":"article","og_title":"Difusi\u00f3n ENS - ENS Andalucia Occidental y Canarias","og_url":"https:\/\/ensandoc.org\/?page_id=3302","og_site_name":"ENS Andalucia Occidental y Canarias","article_publisher":"https:\/\/www.facebook.com\/ensandoc","article_modified_time":"2021-12-07T17:44:00+00:00","twitter_card":"summary_large_image","twitter_site":"@ensandoc","schema":{"@context":"https:\/\/schema.org","@graph":[{"@type":"WebPage","@id":"https:\/\/ensandoc.org\/?page_id=3302","url":"https:\/\/ensandoc.org\/?page_id=3302","name":"Difusi\u00f3n ENS - ENS Andalucia Occidental y Canarias","isPartOf":{"@id":"https:\/\/ensandoc.org\/#website"},"datePublished":"2020-10-16T15:51:31+00:00","dateModified":"2021-12-07T17:44:00+00:00","breadcrumb":{"@id":"https:\/\/ensandoc.org\/?page_id=3302#breadcrumb"},"inLanguage":"es","potentialAction":[{"@type":"ReadAction","target":["https:\/\/ensandoc.org\/?page_id=3302"]}]},{"@type":"BreadcrumbList","@id":"https:\/\/ensandoc.org\/?page_id=3302#breadcrumb","itemListElement":[{"@type":"ListItem","position":1,"name":"Portada","item":"https:\/\/ensandoc.org\/"},{"@type":"ListItem","position":2,"name":"Difusi\u00f3n ENS"}]},{"@type":"WebSite","@id":"https:\/\/ensandoc.org\/#website","url":"https:\/\/ensandoc.org\/","name":"ENS Andaluc\u00eda Occidental y Canarias","description":"Regi\u00f3n de los Equipos de Nuestra Se\u00f1ora","publisher":{"@id":"https:\/\/ensandoc.org\/#organization"},"potentialAction":[{"@type":"SearchAction","target":{"@type":"EntryPoint","urlTemplate":"https:\/\/ensandoc.org\/?s={search_term_string}"},"query-input":{"@type":"PropertyValueSpecification","valueRequired":true,"valueName":"search_term_string"}}],"inLanguage":"es"},{"@type":"Organization","@id":"https:\/\/ensandoc.org\/#organization","name":"ENS Andalucia Occidental y Canarias","url":"https:\/\/ensandoc.org\/","logo":{"@type":"ImageObject","inLanguage":"es","@id":"https:\/\/ensandoc.org\/#\/schema\/logo\/image\/","url":"https:\/\/ensandoc.org\/wp-content\/uploads\/2024\/10\/logoens-regional-inma.jpg","contentUrl":"https:\/\/ensandoc.org\/wp-content\/uploads\/2024\/10\/logoens-regional-inma.jpg","width":567,"height":425,"caption":"ENS Andalucia Occidental y Canarias"},"image":{"@id":"https:\/\/ensandoc.org\/#\/schema\/logo\/image\/"},"sameAs":["https:\/\/www.facebook.com\/ensandoc","https:\/\/x.com\/ensandoc","https:\/\/www.instagram.com\/ensandoc"]}]}},"_links":{"self":[{"href":"https:\/\/ensandoc.org\/index.php?rest_route=\/wp\/v2\/pages\/3302","targetHints":{"allow":["GET"]}}],"collection":[{"href":"https:\/\/ensandoc.org\/index.php?rest_route=\/wp\/v2\/pages"}],"about":[{"href":"https:\/\/ensandoc.org\/index.php?rest_route=\/wp\/v2\/types\/page"}],"author":[{"embeddable":true,"href":"https:\/\/ensandoc.org\/index.php?rest_route=\/wp\/v2\/users\/1"}],"replies":[{"embeddable":true,"href":"https:\/\/ensandoc.org\/index.php?rest_route=%2Fwp%2Fv2%2Fcomments&post=3302"}],"version-history":[{"count":5,"href":"https:\/\/ensandoc.org\/index.php?rest_route=\/wp\/v2\/pages\/3302\/revisions"}],"predecessor-version":[{"id":3425,"href":"https:\/\/ensandoc.org\/index.php?rest_route=\/wp\/v2\/pages\/3302\/revisions\/3425"}],"wp:attachment":[{"href":"https:\/\/ensandoc.org\/index.php?rest_route=%2Fwp%2Fv2%2Fmedia&parent=3302"}],"curies":[{"name":"wp","href":"https:\/\/api.w.org\/{rel}","templated":true}]}}