{"id":3306,"date":"2020-10-16T18:03:37","date_gmt":"2020-10-16T16:03:37","guid":{"rendered":"https:\/\/ensandoc.org\/?page_id=3306"},"modified":"2021-01-29T23:03:25","modified_gmt":"2021-01-29T22:03:25","slug":"recursos-ens-2","status":"publish","type":"page","link":"https:\/\/ensandoc.org\/?page_id=3306","title":{"rendered":"Recursos ENS"},"content":{"rendered":"\n<hr class=\"wp-block-separator\"\/>\n\n\n\n<h4 class=\"wp-block-heading\">DOCUMENTOS<\/h4>\n\n\n\n<hr class=\"wp-block-separator\"\/>\n\n\n\n<p><a href=\"https:\/\/equiposens.org\/archivos-publicos\" target=\"_blank\" aria-label=\"undefined (abre en una nueva pesta\u00f1a)\" rel=\"noreferrer noopener\">Documentos de ENS Espa\u00f1a<\/a><\/p>\n\n\n\n<p><a href=\"https:\/\/equipes-notre-dame.com\/es\/documentos\/\" target=\"_blank\" aria-label=\"undefined (abre en una nueva pesta\u00f1a)\" rel=\"noreferrer noopener\">Documentos de ENS Internacional<\/a><\/p>\n\n\n\n<p><a href=\"https:\/\/www.ensj.es\/documentos\" target=\"_blank\" aria-label=\"undefined (abre en una nueva pesta\u00f1a)\" rel=\"noreferrer noopener\">Documentos de ENS J\u00f3venes<\/a><\/p>\n\n\n\n<p><a href=\"https:\/\/henri-caffarel.org\/es\/\" target=\"_blank\" aria-label=\"undefined (abre en una nueva pesta\u00f1a)\" rel=\"noreferrer noopener\">Amigos del P. Caffarel<\/a><\/p>\n\n\n\n<p><a href=\"https:\/\/fatima2018.equipes-notre-dame.com\/es\/documentos\/\" target=\"_blank\" aria-label=\"undefined (abre en una nueva pesta\u00f1a)\" rel=\"noreferrer noopener\">Documentos de F\u00e1tima 2018<\/a><\/p>\n\n\n\n<p><a href=\"https:\/\/endfc.equipes-notre-dame.com\/index-es.html\" target=\"_blank\" aria-label=\"undefined (abre en una nueva pesta\u00f1a)\" rel=\"noreferrer noopener\">Formaci\u00f3n cristiana ENS<\/a><\/p>\n\n\n\n<hr class=\"wp-block-separator\"\/>\n\n\n\n<h4 class=\"wp-block-heading\">V\u00cdDEOS<\/h4>\n\n\n\n<hr class=\"wp-block-separator\"\/>\n\n\n\n<p><a href=\"https:\/\/www.youtube.com\/channel\/UC-y3EVdk17Lj8_fL8_VCnuA\/videos\" target=\"_blank\" aria-label=\"undefined (abre en una nueva pesta\u00f1a)\" rel=\"noreferrer noopener\">Youtube ENS Andaluc\u00eda Occidental y Canarias<\/a><\/p>\n\n\n\n<p><a href=\"https:\/\/www.youtube.com\/c\/ENSEspa%C3%B1a\/videos\" target=\"_blank\" aria-label=\"undefined (abre en una nueva pesta\u00f1a)\" rel=\"noreferrer noopener\">Youtube\u00a0 ENS Espa\u00f1a<\/a><\/p>\n","protected":false},"excerpt":{"rendered":"<p>DOCUMENTOS Documentos de ENS Espa\u00f1a Documentos de ENS Internacional Documentos de ENS J\u00f3venes Amigos del P. Caffarel Documentos de F\u00e1tima 2018 Formaci\u00f3n cristiana ENS V\u00cdDEOS Youtube ENS Andaluc\u00eda Occidental y Canarias Youtube\u00a0 ENS Espa\u00f1a<\/p>\n","protected":false},"author":1,"featured_media":0,"parent":0,"menu_order":0,"comment_status":"closed","ping_status":"closed","template":"","meta":{"_et_pb_use_builder":"","_et_pb_old_content":"","_et_gb_content_width":"","footnotes":""},"class_list":["post-3306","page","type-page","status-publish","hentry"],"yoast_head":"<!-- This site is optimized with the Yoast SEO plugin v26.2 - https:\/\/yoast.com\/wordpress\/plugins\/seo\/ -->\n<title>Recursos ENS - ENS Andalucia Occidental y Canarias<\/title>\n<meta name=\"robots\" content=\"index, follow, max-snippet:-1, max-image-preview:large, max-video-preview:-1\" \/>\n<link rel=\"canonical\" href=\"https:\/\/ensandoc.org\/?page_id=3306\" \/>\n<meta property=\"og:locale\" content=\"es_ES\" \/>\n<meta property=\"og:type\" content=\"article\" \/>\n<meta property=\"og:title\" content=\"Recursos ENS - ENS Andalucia Occidental y Canarias\" \/>\n<meta property=\"og:description\" content=\"DOCUMENTOS Documentos de ENS Espa\u00f1a Documentos de ENS Internacional Documentos de ENS J\u00f3venes Amigos del P. Caffarel Documentos de F\u00e1tima 2018 Formaci\u00f3n cristiana ENS V\u00cdDEOS Youtube ENS Andaluc\u00eda Occidental y Canarias Youtube\u00a0 ENS Espa\u00f1a\" \/>\n<meta property=\"og:url\" content=\"https:\/\/ensandoc.org\/?page_id=3306\" \/>\n<meta property=\"og:site_name\" content=\"ENS Andalucia Occidental y Canarias\" \/>\n<meta property=\"article:publisher\" content=\"https:\/\/www.facebook.com\/ensandoc\" \/>\n<meta property=\"article:modified_time\" content=\"2021-01-29T22:03:25+00:00\" \/>\n<meta name=\"twitter:card\" content=\"summary_large_image\" \/>\n<meta name=\"twitter:site\" content=\"@ensandoc\" \/>\n<script type=\"application\/ld+json\" class=\"yoast-schema-graph\">{\"@context\":\"https:\/\/schema.org\",\"@graph\":[{\"@type\":\"WebPage\",\"@id\":\"https:\/\/ensandoc.org\/?page_id=3306\",\"url\":\"https:\/\/ensandoc.org\/?page_id=3306\",\"name\":\"Recursos ENS - ENS Andalucia Occidental y Canarias\",\"isPartOf\":{\"@id\":\"https:\/\/ensandoc.org\/#website\"},\"datePublished\":\"2020-10-16T16:03:37+00:00\",\"dateModified\":\"2021-01-29T22:03:25+00:00\",\"breadcrumb\":{\"@id\":\"https:\/\/ensandoc.org\/?page_id=3306#breadcrumb\"},\"inLanguage\":\"es\",\"potentialAction\":[{\"@type\":\"ReadAction\",\"target\":[\"https:\/\/ensandoc.org\/?page_id=3306\"]}]},{\"@type\":\"BreadcrumbList\",\"@id\":\"https:\/\/ensandoc.org\/?page_id=3306#breadcrumb\",\"itemListElement\":[{\"@type\":\"ListItem\",\"position\":1,\"name\":\"Portada\",\"item\":\"https:\/\/ensandoc.org\/\"},{\"@type\":\"ListItem\",\"position\":2,\"name\":\"Recursos ENS\"}]},{\"@type\":\"WebSite\",\"@id\":\"https:\/\/ensandoc.org\/#website\",\"url\":\"https:\/\/ensandoc.org\/\",\"name\":\"ENS Andaluc\u00eda Occidental y Canarias\",\"description\":\"Regi\u00f3n de los Equipos de Nuestra Se\u00f1ora\",\"publisher\":{\"@id\":\"https:\/\/ensandoc.org\/#organization\"},\"potentialAction\":[{\"@type\":\"SearchAction\",\"target\":{\"@type\":\"EntryPoint\",\"urlTemplate\":\"https:\/\/ensandoc.org\/?s={search_term_string}\"},\"query-input\":{\"@type\":\"PropertyValueSpecification\",\"valueRequired\":true,\"valueName\":\"search_term_string\"}}],\"inLanguage\":\"es\"},{\"@type\":\"Organization\",\"@id\":\"https:\/\/ensandoc.org\/#organization\",\"name\":\"ENS Andalucia Occidental y Canarias\",\"url\":\"https:\/\/ensandoc.org\/\",\"logo\":{\"@type\":\"ImageObject\",\"inLanguage\":\"es\",\"@id\":\"https:\/\/ensandoc.org\/#\/schema\/logo\/image\/\",\"url\":\"https:\/\/ensandoc.org\/wp-content\/uploads\/2024\/10\/logoens-regional-inma.jpg\",\"contentUrl\":\"https:\/\/ensandoc.org\/wp-content\/uploads\/2024\/10\/logoens-regional-inma.jpg\",\"width\":567,\"height\":425,\"caption\":\"ENS Andalucia Occidental y Canarias\"},\"image\":{\"@id\":\"https:\/\/ensandoc.org\/#\/schema\/logo\/image\/\"},\"sameAs\":[\"https:\/\/www.facebook.com\/ensandoc\",\"https:\/\/x.com\/ensandoc\",\"https:\/\/www.instagram.com\/ensandoc\"]}]}<\/script>\n<!-- \/ Yoast SEO plugin. -->","yoast_head_json":{"title":"Recursos ENS - ENS Andalucia Occidental y Canarias","robots":{"index":"index","follow":"follow","max-snippet":"max-snippet:-1","max-image-preview":"max-image-preview:large","max-video-preview":"max-video-preview:-1"},"canonical":"https:\/\/ensandoc.org\/?page_id=3306","og_locale":"es_ES","og_type":"article","og_title":"Recursos ENS - ENS Andalucia Occidental y Canarias","og_description":"DOCUMENTOS Documentos de ENS Espa\u00f1a Documentos de ENS Internacional Documentos de ENS J\u00f3venes Amigos del P. Caffarel Documentos de F\u00e1tima 2018 Formaci\u00f3n cristiana ENS V\u00cdDEOS Youtube ENS Andaluc\u00eda Occidental y Canarias Youtube\u00a0 ENS Espa\u00f1a","og_url":"https:\/\/ensandoc.org\/?page_id=3306","og_site_name":"ENS Andalucia Occidental y Canarias","article_publisher":"https:\/\/www.facebook.com\/ensandoc","article_modified_time":"2021-01-29T22:03:25+00:00","twitter_card":"summary_large_image","twitter_site":"@ensandoc","schema":{"@context":"https:\/\/schema.org","@graph":[{"@type":"WebPage","@id":"https:\/\/ensandoc.org\/?page_id=3306","url":"https:\/\/ensandoc.org\/?page_id=3306","name":"Recursos ENS - ENS Andalucia Occidental y Canarias","isPartOf":{"@id":"https:\/\/ensandoc.org\/#website"},"datePublished":"2020-10-16T16:03:37+00:00","dateModified":"2021-01-29T22:03:25+00:00","breadcrumb":{"@id":"https:\/\/ensandoc.org\/?page_id=3306#breadcrumb"},"inLanguage":"es","potentialAction":[{"@type":"ReadAction","target":["https:\/\/ensandoc.org\/?page_id=3306"]}]},{"@type":"BreadcrumbList","@id":"https:\/\/ensandoc.org\/?page_id=3306#breadcrumb","itemListElement":[{"@type":"ListItem","position":1,"name":"Portada","item":"https:\/\/ensandoc.org\/"},{"@type":"ListItem","position":2,"name":"Recursos ENS"}]},{"@type":"WebSite","@id":"https:\/\/ensandoc.org\/#website","url":"https:\/\/ensandoc.org\/","name":"ENS Andaluc\u00eda Occidental y Canarias","description":"Regi\u00f3n de los Equipos de Nuestra Se\u00f1ora","publisher":{"@id":"https:\/\/ensandoc.org\/#organization"},"potentialAction":[{"@type":"SearchAction","target":{"@type":"EntryPoint","urlTemplate":"https:\/\/ensandoc.org\/?s={search_term_string}"},"query-input":{"@type":"PropertyValueSpecification","valueRequired":true,"valueName":"search_term_string"}}],"inLanguage":"es"},{"@type":"Organization","@id":"https:\/\/ensandoc.org\/#organization","name":"ENS Andalucia Occidental y Canarias","url":"https:\/\/ensandoc.org\/","logo":{"@type":"ImageObject","inLanguage":"es","@id":"https:\/\/ensandoc.org\/#\/schema\/logo\/image\/","url":"https:\/\/ensandoc.org\/wp-content\/uploads\/2024\/10\/logoens-regional-inma.jpg","contentUrl":"https:\/\/ensandoc.org\/wp-content\/uploads\/2024\/10\/logoens-regional-inma.jpg","width":567,"height":425,"caption":"ENS Andalucia Occidental y Canarias"},"image":{"@id":"https:\/\/ensandoc.org\/#\/schema\/logo\/image\/"},"sameAs":["https:\/\/www.facebook.com\/ensandoc","https:\/\/x.com\/ensandoc","https:\/\/www.instagram.com\/ensandoc"]}]}},"_links":{"self":[{"href":"https:\/\/ensandoc.org\/index.php?rest_route=\/wp\/v2\/pages\/3306","targetHints":{"allow":["GET"]}}],"collection":[{"href":"https:\/\/ensandoc.org\/index.php?rest_route=\/wp\/v2\/pages"}],"about":[{"href":"https:\/\/ensandoc.org\/index.php?rest_route=\/wp\/v2\/types\/page"}],"author":[{"embeddable":true,"href":"https:\/\/ensandoc.org\/index.php?rest_route=\/wp\/v2\/users\/1"}],"replies":[{"embeddable":true,"href":"https:\/\/ensandoc.org\/index.php?rest_route=%2Fwp%2Fv2%2Fcomments&post=3306"}],"version-history":[{"count":3,"href":"https:\/\/ensandoc.org\/index.php?rest_route=\/wp\/v2\/pages\/3306\/revisions"}],"predecessor-version":[{"id":3330,"href":"https:\/\/ensandoc.org\/index.php?rest_route=\/wp\/v2\/pages\/3306\/revisions\/3330"}],"wp:attachment":[{"href":"https:\/\/ensandoc.org\/index.php?rest_route=%2Fwp%2Fv2%2Fmedia&parent=3306"}],"curies":[{"name":"wp","href":"https:\/\/api.w.org\/{rel}","templated":true}]}}