{"id":3315,"date":"2021-01-29T22:00:38","date_gmt":"2021-01-29T21:00:38","guid":{"rendered":"https:\/\/ensandoc.org\/?page_id=3315"},"modified":"2021-05-01T20:31:34","modified_gmt":"2021-05-01T18:31:34","slug":"recursos-de-nuestra-region","status":"publish","type":"page","link":"https:\/\/ensandoc.org\/?page_id=3315","title":{"rendered":"Recursos de Nuestra Regi\u00f3n"},"content":{"rendered":"\n<p><a href=\"https:\/\/youtu.be\/OoJEGKYB3aI\">MEDITACI\u00d3N PASCUAL SOBRE LAS VIRTUDES TEOLOGALES: CARIDAD (D. Lorenzo Morant &#8211; Consiliario Regional)<\/a><\/p>\n\n\n\n<p><a href=\"https:\/\/youtu.be\/pn7N2Wzf0h0\">MEDITACI\u00d3N PASCUAL SOBRE LAS VIRTUDES TEOLOGALES: ESPERANZA (D. Lorenzo Morant &#8211; Consiliario Regional)<\/a><\/p>\n\n\n\n<p><a href=\"https:\/\/youtu.be\/ZY6T0g5xyF4\">MEDITACI\u00d3N PASCUAL SOBRE LAS VIRTUDES TEOLOGALES: FE (D. Lorenzo Morant &#8211; Consiliario Regional)<\/a><\/p>\n\n\n\n<p><a href=\"https:\/\/youtu.be\/2gmbueCOLgw\">MEDITACI\u00d3N \u00abUNA HORA CON SAN JOS\u00c9\u00bb (Sector Sevilla)<\/a><\/p>\n\n\n\n<p><a href=\"https:\/\/youtu.be\/TN80M_8u_IM\">RETIRO CUARESMAL (C\u00f3rdoba)<\/a><\/p>\n\n\n\n<p><a href=\"https:\/\/youtu.be\/IkuzkpRo5Lk\">ORACI\u00d3N \u00abVengo aqu\u00ed, mi Se\u00f1or\u00bb (Sector Canarias)<\/a><\/p>\n\n\n\n<p><a aria-label=\"undefined (abre en una nueva pesta\u00f1a)\" href=\"https:\/\/drive.google.com\/file\/d\/1a0j_fJdxYKXLMVtLWnkREpL3uv61O0Y4\/view?usp=sharing\" target=\"_blank\" rel=\"noreferrer noopener\">PARA ORAR EN FAMILIA (Sector Sevilla)<\/a><\/p>\n\n\n\n<p><a href=\"https:\/\/youtu.be\/yFAP8THSfWU\" target=\"_blank\" aria-label=\"undefined (abre en una nueva pesta\u00f1a)\" rel=\"noreferrer noopener\">RETIRO DE ADVIENTO (Sector Sevilla)<\/a><\/p>\n\n\n\n<p><a aria-label=\"undefined (abre en una nueva pesta\u00f1a)\" href=\"https:\/\/youtu.be\/cyW8jARMkmo\" target=\"_blank\" rel=\"noreferrer noopener\">CONFERENCIA \u00abEL PASO DE DIOS POR NUESTRA VIDA, TAMBI\u00c9N EN TIEMPOS DE COVID\u00bb (D. Lorenzo Morant- Consiliario Regional)<\/a><\/p>\n\n\n\n<p><a href=\"https:\/\/youtu.be\/ceOAlYywhlg\" target=\"_blank\" aria-label=\"undefined (abre en una nueva pesta\u00f1a)\" rel=\"noreferrer noopener\">CONFERENCIA \u00abIGLESIA EN SALIDA\u00bb (Padre Eugenio Romero-Consiliario Jerez)<\/a><\/p>\n","protected":false},"excerpt":{"rendered":"<p>MEDITACI\u00d3N PASCUAL SOBRE LAS VIRTUDES TEOLOGALES: CARIDAD (D. Lorenzo Morant &#8211; Consiliario Regional) MEDITACI\u00d3N PASCUAL SOBRE LAS VIRTUDES TEOLOGALES: ESPERANZA (D. Lorenzo Morant &#8211; Consiliario Regional) MEDITACI\u00d3N PASCUAL SOBRE LAS VIRTUDES TEOLOGALES: FE (D. Lorenzo Morant &#8211; Consiliario Regional) MEDITACI\u00d3N \u00abUNA HORA CON SAN JOS\u00c9\u00bb (Sector Sevilla) RETIRO CUARESMAL (C\u00f3rdoba) ORACI\u00d3N \u00abVengo aqu\u00ed, mi Se\u00f1or\u00bb [&hellip;]<\/p>\n","protected":false},"author":1,"featured_media":0,"parent":0,"menu_order":0,"comment_status":"closed","ping_status":"closed","template":"","meta":{"_et_pb_use_builder":"","_et_pb_old_content":"","_et_gb_content_width":"","footnotes":""},"class_list":["post-3315","page","type-page","status-publish","hentry"],"yoast_head":"<!-- This site is optimized with the Yoast SEO plugin v26.2 - https:\/\/yoast.com\/wordpress\/plugins\/seo\/ -->\n<title>Recursos de Nuestra Regi\u00f3n - ENS Andalucia Occidental y Canarias<\/title>\n<meta name=\"robots\" content=\"index, follow, max-snippet:-1, max-image-preview:large, max-video-preview:-1\" \/>\n<link rel=\"canonical\" href=\"https:\/\/ensandoc.org\/?page_id=3315\" \/>\n<meta property=\"og:locale\" content=\"es_ES\" \/>\n<meta property=\"og:type\" content=\"article\" \/>\n<meta property=\"og:title\" content=\"Recursos de Nuestra Regi\u00f3n - ENS Andalucia Occidental y Canarias\" \/>\n<meta property=\"og:description\" content=\"MEDITACI\u00d3N PASCUAL SOBRE LAS VIRTUDES TEOLOGALES: CARIDAD (D. Lorenzo Morant &#8211; Consiliario Regional) MEDITACI\u00d3N PASCUAL SOBRE LAS VIRTUDES TEOLOGALES: ESPERANZA (D. Lorenzo Morant &#8211; Consiliario Regional) MEDITACI\u00d3N PASCUAL SOBRE LAS VIRTUDES TEOLOGALES: FE (D. Lorenzo Morant &#8211; Consiliario Regional) MEDITACI\u00d3N \u00abUNA HORA CON SAN JOS\u00c9\u00bb (Sector Sevilla) RETIRO CUARESMAL (C\u00f3rdoba) ORACI\u00d3N \u00abVengo aqu\u00ed, mi Se\u00f1or\u00bb [&hellip;]\" \/>\n<meta property=\"og:url\" content=\"https:\/\/ensandoc.org\/?page_id=3315\" \/>\n<meta property=\"og:site_name\" content=\"ENS Andalucia Occidental y Canarias\" \/>\n<meta property=\"article:publisher\" content=\"https:\/\/www.facebook.com\/ensandoc\" \/>\n<meta property=\"article:modified_time\" content=\"2021-05-01T18:31:34+00:00\" \/>\n<meta name=\"twitter:card\" content=\"summary_large_image\" \/>\n<meta name=\"twitter:site\" content=\"@ensandoc\" \/>\n<meta name=\"twitter:label1\" content=\"Tiempo de lectura\" \/>\n\t<meta name=\"twitter:data1\" content=\"1 minuto\" \/>\n<script type=\"application\/ld+json\" class=\"yoast-schema-graph\">{\"@context\":\"https:\/\/schema.org\",\"@graph\":[{\"@type\":\"WebPage\",\"@id\":\"https:\/\/ensandoc.org\/?page_id=3315\",\"url\":\"https:\/\/ensandoc.org\/?page_id=3315\",\"name\":\"Recursos de Nuestra Regi\u00f3n - ENS Andalucia Occidental y Canarias\",\"isPartOf\":{\"@id\":\"https:\/\/ensandoc.org\/#website\"},\"datePublished\":\"2021-01-29T21:00:38+00:00\",\"dateModified\":\"2021-05-01T18:31:34+00:00\",\"breadcrumb\":{\"@id\":\"https:\/\/ensandoc.org\/?page_id=3315#breadcrumb\"},\"inLanguage\":\"es\",\"potentialAction\":[{\"@type\":\"ReadAction\",\"target\":[\"https:\/\/ensandoc.org\/?page_id=3315\"]}]},{\"@type\":\"BreadcrumbList\",\"@id\":\"https:\/\/ensandoc.org\/?page_id=3315#breadcrumb\",\"itemListElement\":[{\"@type\":\"ListItem\",\"position\":1,\"name\":\"Portada\",\"item\":\"https:\/\/ensandoc.org\/\"},{\"@type\":\"ListItem\",\"position\":2,\"name\":\"Recursos de Nuestra Regi\u00f3n\"}]},{\"@type\":\"WebSite\",\"@id\":\"https:\/\/ensandoc.org\/#website\",\"url\":\"https:\/\/ensandoc.org\/\",\"name\":\"ENS Andaluc\u00eda Occidental y Canarias\",\"description\":\"Regi\u00f3n de los Equipos de Nuestra Se\u00f1ora\",\"publisher\":{\"@id\":\"https:\/\/ensandoc.org\/#organization\"},\"potentialAction\":[{\"@type\":\"SearchAction\",\"target\":{\"@type\":\"EntryPoint\",\"urlTemplate\":\"https:\/\/ensandoc.org\/?s={search_term_string}\"},\"query-input\":{\"@type\":\"PropertyValueSpecification\",\"valueRequired\":true,\"valueName\":\"search_term_string\"}}],\"inLanguage\":\"es\"},{\"@type\":\"Organization\",\"@id\":\"https:\/\/ensandoc.org\/#organization\",\"name\":\"ENS Andalucia Occidental y Canarias\",\"url\":\"https:\/\/ensandoc.org\/\",\"logo\":{\"@type\":\"ImageObject\",\"inLanguage\":\"es\",\"@id\":\"https:\/\/ensandoc.org\/#\/schema\/logo\/image\/\",\"url\":\"https:\/\/ensandoc.org\/wp-content\/uploads\/2024\/10\/logoens-regional-inma.jpg\",\"contentUrl\":\"https:\/\/ensandoc.org\/wp-content\/uploads\/2024\/10\/logoens-regional-inma.jpg\",\"width\":567,\"height\":425,\"caption\":\"ENS Andalucia Occidental y Canarias\"},\"image\":{\"@id\":\"https:\/\/ensandoc.org\/#\/schema\/logo\/image\/\"},\"sameAs\":[\"https:\/\/www.facebook.com\/ensandoc\",\"https:\/\/x.com\/ensandoc\",\"https:\/\/www.instagram.com\/ensandoc\"]}]}<\/script>\n<!-- \/ Yoast SEO plugin. -->","yoast_head_json":{"title":"Recursos de Nuestra Regi\u00f3n - ENS Andalucia Occidental y Canarias","robots":{"index":"index","follow":"follow","max-snippet":"max-snippet:-1","max-image-preview":"max-image-preview:large","max-video-preview":"max-video-preview:-1"},"canonical":"https:\/\/ensandoc.org\/?page_id=3315","og_locale":"es_ES","og_type":"article","og_title":"Recursos de Nuestra Regi\u00f3n - ENS Andalucia Occidental y Canarias","og_description":"MEDITACI\u00d3N PASCUAL SOBRE LAS VIRTUDES TEOLOGALES: CARIDAD (D. Lorenzo Morant &#8211; Consiliario Regional) MEDITACI\u00d3N PASCUAL SOBRE LAS VIRTUDES TEOLOGALES: ESPERANZA (D. Lorenzo Morant &#8211; Consiliario Regional) MEDITACI\u00d3N PASCUAL SOBRE LAS VIRTUDES TEOLOGALES: FE (D. Lorenzo Morant &#8211; Consiliario Regional) MEDITACI\u00d3N \u00abUNA HORA CON SAN JOS\u00c9\u00bb (Sector Sevilla) RETIRO CUARESMAL (C\u00f3rdoba) ORACI\u00d3N \u00abVengo aqu\u00ed, mi Se\u00f1or\u00bb [&hellip;]","og_url":"https:\/\/ensandoc.org\/?page_id=3315","og_site_name":"ENS Andalucia Occidental y Canarias","article_publisher":"https:\/\/www.facebook.com\/ensandoc","article_modified_time":"2021-05-01T18:31:34+00:00","twitter_card":"summary_large_image","twitter_site":"@ensandoc","twitter_misc":{"Tiempo de lectura":"1 minuto"},"schema":{"@context":"https:\/\/schema.org","@graph":[{"@type":"WebPage","@id":"https:\/\/ensandoc.org\/?page_id=3315","url":"https:\/\/ensandoc.org\/?page_id=3315","name":"Recursos de Nuestra Regi\u00f3n - ENS Andalucia Occidental y Canarias","isPartOf":{"@id":"https:\/\/ensandoc.org\/#website"},"datePublished":"2021-01-29T21:00:38+00:00","dateModified":"2021-05-01T18:31:34+00:00","breadcrumb":{"@id":"https:\/\/ensandoc.org\/?page_id=3315#breadcrumb"},"inLanguage":"es","potentialAction":[{"@type":"ReadAction","target":["https:\/\/ensandoc.org\/?page_id=3315"]}]},{"@type":"BreadcrumbList","@id":"https:\/\/ensandoc.org\/?page_id=3315#breadcrumb","itemListElement":[{"@type":"ListItem","position":1,"name":"Portada","item":"https:\/\/ensandoc.org\/"},{"@type":"ListItem","position":2,"name":"Recursos de Nuestra Regi\u00f3n"}]},{"@type":"WebSite","@id":"https:\/\/ensandoc.org\/#website","url":"https:\/\/ensandoc.org\/","name":"ENS Andaluc\u00eda Occidental y Canarias","description":"Regi\u00f3n de los Equipos de Nuestra Se\u00f1ora","publisher":{"@id":"https:\/\/ensandoc.org\/#organization"},"potentialAction":[{"@type":"SearchAction","target":{"@type":"EntryPoint","urlTemplate":"https:\/\/ensandoc.org\/?s={search_term_string}"},"query-input":{"@type":"PropertyValueSpecification","valueRequired":true,"valueName":"search_term_string"}}],"inLanguage":"es"},{"@type":"Organization","@id":"https:\/\/ensandoc.org\/#organization","name":"ENS Andalucia Occidental y Canarias","url":"https:\/\/ensandoc.org\/","logo":{"@type":"ImageObject","inLanguage":"es","@id":"https:\/\/ensandoc.org\/#\/schema\/logo\/image\/","url":"https:\/\/ensandoc.org\/wp-content\/uploads\/2024\/10\/logoens-regional-inma.jpg","contentUrl":"https:\/\/ensandoc.org\/wp-content\/uploads\/2024\/10\/logoens-regional-inma.jpg","width":567,"height":425,"caption":"ENS Andalucia Occidental y Canarias"},"image":{"@id":"https:\/\/ensandoc.org\/#\/schema\/logo\/image\/"},"sameAs":["https:\/\/www.facebook.com\/ensandoc","https:\/\/x.com\/ensandoc","https:\/\/www.instagram.com\/ensandoc"]}]}},"_links":{"self":[{"href":"https:\/\/ensandoc.org\/index.php?rest_route=\/wp\/v2\/pages\/3315","targetHints":{"allow":["GET"]}}],"collection":[{"href":"https:\/\/ensandoc.org\/index.php?rest_route=\/wp\/v2\/pages"}],"about":[{"href":"https:\/\/ensandoc.org\/index.php?rest_route=\/wp\/v2\/types\/page"}],"author":[{"embeddable":true,"href":"https:\/\/ensandoc.org\/index.php?rest_route=\/wp\/v2\/users\/1"}],"replies":[{"embeddable":true,"href":"https:\/\/ensandoc.org\/index.php?rest_route=%2Fwp%2Fv2%2Fcomments&post=3315"}],"version-history":[{"count":12,"href":"https:\/\/ensandoc.org\/index.php?rest_route=\/wp\/v2\/pages\/3315\/revisions"}],"predecessor-version":[{"id":3373,"href":"https:\/\/ensandoc.org\/index.php?rest_route=\/wp\/v2\/pages\/3315\/revisions\/3373"}],"wp:attachment":[{"href":"https:\/\/ensandoc.org\/index.php?rest_route=%2Fwp%2Fv2%2Fmedia&parent=3315"}],"curies":[{"name":"wp","href":"https:\/\/api.w.org\/{rel}","templated":true}]}}